{"id":1136,"date":"2017-03-29T15:26:32","date_gmt":"2017-03-29T15:26:32","guid":{"rendered":"http:\/\/www.cromo.mx\/sitio\/?page_id=1136"},"modified":"2019-06-29T18:46:37","modified_gmt":"2019-06-29T18:46:37","slug":"home-3","status":"publish","type":"page","link":"https:\/\/www.cromo.mx\/sitio\/","title":{"rendered":"Inicio"},"content":{"rendered":"<p><section  class=\" section-header-styled auto\" style=\" \">\n\t\t\t\t<div class=\"container-fluid\">\n\t\t\n<div class=\"row\">\n\t\n<div class=\"col-md-12   sh-a5dd96d2087f2f9cd0c22c72cd2179b8\">\n\t<div class=\"fly-col-inner none\" >\n\t\t\t<!-- Main Slider -->\n\t<div id=\"main-slider-4db98c6e5f86b1e632e30f8fb04bf0ca\" class=\"main-slider main-slider-big carousel slide fade-effect\" data-interval=\"20000\">\n\t\t<!-- Carousel items -->\n\t\t<div class=\"carousel-inner\">\n\t\t\t\t\t\t\t<div class=\"section section-header item zoom_effect active\">\n\t\t\t\t\t<div class=\" filter filter-color-black\">\n\t\t\t\t\t\t<div class=\"image\" style=\"background-image: url(\/\/www.cromo.mx\/sitio\/wp-content\/uploads\/2019\/06\/slider_1.jpg);\"><\/div>\n\t\t\t\t\t\t<div class=\"container\">\n\t\t\t\t\t\t\t<div class=\"content\">\n\t\t\t\t\t\t\t\t<div data-animate-in=\"fadeInDownSmall\" data-animate-out=\"fadeOutUpSmall\">\n\t\t\t\t\t\t\t\t\t<h1>M\u00e1s de 20 a\u00f1os de experiencia<\/h1>\n\t\t\t\t\t\t\t\t<\/div>\n\n\t\t\t\t\t\t\t\t<div data-animate-in=\"fadeInUpSmall\" data-animate-out=\"fadeOutDownSmall\">\n\t\t\t\t\t\t\t\t\t\t\t\t\t\t\t\t\t\t\t<div class=\"separator-container\">\n\t\t\t\t\t\t\t\t\t\t\t<div class=\"separator line-separator\">\u273b<\/div>\n\t\t\t\t\t\t\t\t\t\t<\/div>\n\t\t\t\t\t\t\t\t\t\t\t\t\t\t\t\t\t\t<h5>Contamos con personal capacitado y profesional\r\nque otorgan a nuestros clientes un valor agregado<\/h5>\n\t\t\t\t\t\t\t\t<\/div>\n\t\t\t\t\t\t\t<\/div>\n\t\t\t\t\t\t<\/div>\n\t\t\t\t\t<\/div>\n\n\t\t\t\t\t\t\t\t\t\t\t<a href=\"\" data-scroll=\"true\" data-id=\"#first-section\" class=\"scroll-arrow hidden-xs hidden-sm\">\n\t\t\t\t\t\t\t<i class=\"fa fa-angle-down\"><\/i>\n\t\t\t\t\t\t<\/a>\n\t\t\t\t\t\t\t\t\t<\/div>\n\t\t\t\t\t\t\t<div class=\"section section-header item zoom_effect \">\n\t\t\t\t\t<div class=\" filter filter-color-black\">\n\t\t\t\t\t\t<div class=\"image\" style=\"background-image: url(\/\/www.cromo.mx\/sitio\/wp-content\/uploads\/2019\/07\/slider_6.jpg);\"><\/div>\n\t\t\t\t\t\t<div class=\"container\">\n\t\t\t\t\t\t\t<div class=\"content\">\n\t\t\t\t\t\t\t\t<div data-animate-in=\"fadeInDownSmall\" data-animate-out=\"fadeOutUpSmall\">\n\t\t\t\t\t\t\t\t\t<h1>Empresa L\u00edder<\/h1>\n\t\t\t\t\t\t\t\t<\/div>\n\n\t\t\t\t\t\t\t\t<div data-animate-in=\"fadeInUpSmall\" data-animate-out=\"fadeOutDownSmall\">\n\t\t\t\t\t\t\t\t\t\t\t\t\t\t\t\t\t\t\t<div class=\"separator-container\">\n\t\t\t\t\t\t\t\t\t\t\t<div class=\"separator line-separator\">\u273b<\/div>\n\t\t\t\t\t\t\t\t\t\t<\/div>\n\t\t\t\t\t\t\t\t\t\t\t\t\t\t\t\t\t\t<h5>Cumplimos con los objetivos y est\u00e1ndares de calidad, costos y tiempos estipulados<\/h5>\n\t\t\t\t\t\t\t\t<\/div>\n\t\t\t\t\t\t\t<\/div>\n\t\t\t\t\t\t<\/div>\n\t\t\t\t\t<\/div>\n\n\t\t\t\t\t\t\t\t\t\t\t<a href=\"\" data-scroll=\"true\" data-id=\"#first-section\" class=\"scroll-arrow hidden-xs hidden-sm\">\n\t\t\t\t\t\t\t<i class=\"fa fa-angle-down\"><\/i>\n\t\t\t\t\t\t<\/a>\n\t\t\t\t\t\t\t\t\t<\/div>\n\t\t\t\t\t\t\t<div class=\"section section-header item zoom_effect \">\n\t\t\t\t\t<div class=\" filter filter-color-black\">\n\t\t\t\t\t\t<div class=\"image\" style=\"background-image: url(\/\/www.cromo.mx\/sitio\/wp-content\/uploads\/2019\/07\/slider_5.jpg);\"><\/div>\n\t\t\t\t\t\t<div class=\"container\">\n\t\t\t\t\t\t\t<div class=\"content\">\n\t\t\t\t\t\t\t\t<div data-animate-in=\"fadeInDownSmall\" data-animate-out=\"fadeOutUpSmall\">\n\t\t\t\t\t\t\t\t\t<h1>Seguridad Ambiental<\/h1>\n\t\t\t\t\t\t\t\t<\/div>\n\n\t\t\t\t\t\t\t\t<div data-animate-in=\"fadeInUpSmall\" data-animate-out=\"fadeOutDownSmall\">\n\t\t\t\t\t\t\t\t\t\t\t\t\t\t\t\t\t\t\t<div class=\"separator-container\">\n\t\t\t\t\t\t\t\t\t\t\t<div class=\"separator line-separator\">\u273b<\/div>\n\t\t\t\t\t\t\t\t\t\t<\/div>\n\t\t\t\t\t\t\t\t\t\t\t\t\t\t\t\t\t\t<h5>Evitamos da\u00f1os a las instalaciones y al medio ambiente<\/h5>\n\t\t\t\t\t\t\t\t<\/div>\n\t\t\t\t\t\t\t<\/div>\n\t\t\t\t\t\t<\/div>\n\t\t\t\t\t<\/div>\n\n\t\t\t\t\t\t\t\t\t\t\t<a href=\"\" data-scroll=\"true\" data-id=\"#first-section\" class=\"scroll-arrow hidden-xs hidden-sm\">\n\t\t\t\t\t\t\t<i class=\"fa fa-angle-down\"><\/i>\n\t\t\t\t\t\t<\/a>\n\t\t\t\t\t\t\t\t\t<\/div>\n\t\t\t\t\t<\/div>\n\n\t\t<ol class=\"carousel-indicators\">\n\t\t\t\t\t\t\t<li data-target=\"#main-slider-4db98c6e5f86b1e632e30f8fb04bf0ca\" data-slide-to=\"0\" class=\"active\"><\/li>\n\t\t\t\t\t\t\t<li data-target=\"#main-slider-4db98c6e5f86b1e632e30f8fb04bf0ca\" data-slide-to=\"1\" ><\/li>\n\t\t\t\t\t\t\t<li data-target=\"#main-slider-4db98c6e5f86b1e632e30f8fb04bf0ca\" data-slide-to=\"2\" ><\/li>\n\t\t\t\t\t<\/ol>\n\n\t\t<a class=\"carousel-control left fa fa-angle-double-left\" href=\"#main-slider-4db98c6e5f86b1e632e30f8fb04bf0ca\" data-slide=\"prev\"><\/a>\n\t\t<a class=\"carousel-control right fa fa-angle-double-right\" href=\"#main-slider-4db98c6e5f86b1e632e30f8fb04bf0ca\" data-slide=\"next\"><\/a>\n\t<\/div>\n\t<!--\/ Main Image or Slider -->\n\t<\/div>\n<\/div>\n\n<\/div>\n\n\t<\/div>\n<\/section>\n<section id=\"first-section\" class=\" auto\" style=\" \">\n\t\t\t\t<div class=\"container\">\n\t\t\n<div class=\"row\">\n\t\n<div class=\"col-md-12   sh-a5dd96d2087f2f9cd0c22c72cd2179b8\">\n\t<div class=\"fly-col-inner none\" >\n\t\t<div class=\"space-md \" ><\/div>\t<\/div>\n<\/div>\n\n<\/div>\n\n\n<div class=\"row\">\n\t\n<div class=\"col-md-12   sh-a5dd96d2087f2f9cd0c22c72cd2179b8\">\n\t<div class=\"fly-col-inner none\" >\n\t\t<div class=\"fw-heading  sh-41f8b5b69d7d10f55f99b63f9847a6b7 fw-heading-h2 fw-heading-center\">\n\t\t<h2 class='fw-special-title'>Bienvenidos<\/h2>\t\t\t<div class=\"separator separator-danger\">\u273b<\/div>\n\t\t\t\t<div class=\"description\">A trav\u00e9s de una excelente actitud de servicio, ofrecemos proyectos de calidad que ayudan a construir y edificar sus sue\u00f1os, perm\u00edtanos ser parte de su historia.<\/div>\n\t<\/div>\t<\/div>\n<\/div>\n\n<\/div>\n\n\n<div class=\"row\">\n\t\n<div class=\"col-md-12   sh-a5dd96d2087f2f9cd0c22c72cd2179b8\">\n\t<div class=\"fly-col-inner none\" >\n\t\t<div class=\"space-md \" ><\/div>\t<\/div>\n<\/div>\n\n<\/div>\n\n\t<\/div>\n<\/section>\n<section  class=\" auto\" style=\" \">\n\t\t\t\t<div class=\"container\">\n\t\t\n<div class=\"row\">\n\t\n<div class=\"col-md-12   sh-a5dd96d2087f2f9cd0c22c72cd2179b8\">\n\t<div class=\"fly-col-inner none\" >\n\t\t\n<div class=\"fly-tabs-container section section-our-clients  sh-faf9189c30170b716fc7dd6c8a0d4206\" id=\"fly-tabs-faf9189c30170b716fc7dd6c8a0d4206\">\n\t<ul class=\"nav nav-text list-logos list-logos-danger list-gray-images\" role=\"tablist\">\n\t\t\t\t\t\t\t<li class=\"active\">\n\t\t\t\t<a href=\"#fly-tabs-faf9189c30170b716fc7dd6c8a0d4206-1\" role=\"tab\" data-toggle=\"tab\">\n\t\t\t\t\t<div class=\"client-logo\">\n\t\t\t\t\t\t\t\t\t\t\t\t\t<img decoding=\"async\" src=\"\/\/www.cromo.mx\/sitio\/wp-content\/uploads\/2019\/06\/icon-1.png\" alt=\"\" \/>\t\t\t\t\t\t\t\t\t\t\t\t<h3 class=\"fly-tab-title\">Terracer\u00eda<\/h3>\n\t\t\t\t\t<\/div>\n\t\t\t\t<\/a>\n\t\t\t<\/li>\n\t\t\t\t\t<li >\n\t\t\t\t<a href=\"#fly-tabs-faf9189c30170b716fc7dd6c8a0d4206-2\" role=\"tab\" data-toggle=\"tab\">\n\t\t\t\t\t<div class=\"client-logo\">\n\t\t\t\t\t\t\t\t\t\t\t\t\t<img decoding=\"async\" src=\"\/\/www.cromo.mx\/sitio\/wp-content\/uploads\/2019\/06\/icon-2.png\" alt=\"\" \/>\t\t\t\t\t\t\t\t\t\t\t\t<h3 class=\"fly-tab-title\">Obra Civil<\/h3>\n\t\t\t\t\t<\/div>\n\t\t\t\t<\/a>\n\t\t\t<\/li>\n\t\t\t\t\t<li >\n\t\t\t\t<a href=\"#fly-tabs-faf9189c30170b716fc7dd6c8a0d4206-3\" role=\"tab\" data-toggle=\"tab\">\n\t\t\t\t\t<div class=\"client-logo\">\n\t\t\t\t\t\t\t\t\t\t\t\t\t<img decoding=\"async\" src=\"\/\/www.cromo.mx\/sitio\/wp-content\/uploads\/2019\/06\/icon-3.png\" alt=\"\" \/>\t\t\t\t\t\t\t\t\t\t\t\t<h3 class=\"fly-tab-title\">Estructuras Met\u00e1licas<\/h3>\n\t\t\t\t\t<\/div>\n\t\t\t\t<\/a>\n\t\t\t<\/li>\n\t\t\t\t\t<li >\n\t\t\t\t<a href=\"#fly-tabs-faf9189c30170b716fc7dd6c8a0d4206-4\" role=\"tab\" data-toggle=\"tab\">\n\t\t\t\t\t<div class=\"client-logo\">\n\t\t\t\t\t\t\t\t\t\t\t\t\t<img decoding=\"async\" src=\"\/\/www.cromo.mx\/sitio\/wp-content\/uploads\/2019\/06\/icon-4.png\" alt=\"\" \/>\t\t\t\t\t\t\t\t\t\t\t\t<h3 class=\"fly-tab-title\">Ingenier\u00eda y Supervisi\u00f3n<\/h3>\n\t\t\t\t\t<\/div>\n\t\t\t\t<\/a>\n\t\t\t<\/li>\n\t\t\t<\/ul>\n\t\t<div class=\"tab-content\">\n\t\t\t\t\t<div class=\"tab-pane fade in active\" id=\"fly-tabs-faf9189c30170b716fc7dd6c8a0d4206-1\">\n\t\t\t\t<div class=\"description\"><p>Trazos, Excavaciones en terreno natural, Zanjas para cimentaci\u00f3n o tuber\u00edas, compactaciones, base de grava.<\/p><\/div>\n\t\t\t<\/div>\n\t\t\t\t\t<div class=\"tab-pane fade \" id=\"fly-tabs-faf9189c30170b716fc7dd6c8a0d4206-2\">\n\t\t\t\t<div class=\"description\"><p>Naves industriales, Oficinas, Plazas comerciales, Escuelas, Puentes, Avenidas.<\/p><\/div>\n\t\t\t<\/div>\n\t\t\t\t\t<div class=\"tab-pane fade \" id=\"fly-tabs-faf9189c30170b716fc7dd6c8a0d4206-3\">\n\t\t\t\t<div class=\"description\"><p>Arcotechos, Techumbres, Naves industriales, Puentes.<\/p><\/div>\n\t\t\t<\/div>\n\t\t\t\t\t<div class=\"tab-pane fade \" id=\"fly-tabs-faf9189c30170b716fc7dd6c8a0d4206-4\">\n\t\t\t\t<div class=\"description\"><p>Montaje de Equipos, Calderas, Tanques, Fabricaci\u00f3n de Ductos, Obra Civil, Mec\u00e1nica, El\u00e9ctrica, Cimentaci\u00f3n.<\/p><\/div>\n\t\t\t<\/div>\n\t\t\t<\/div>\n<\/div>\t<\/div>\n<\/div>\n\n<\/div>\n\n\n<div class=\"row\">\n\t\n<div class=\"col-md-12   sh-a5dd96d2087f2f9cd0c22c72cd2179b8\">\n\t<div class=\"fly-col-inner none\" >\n\t\t<div class=\"space-sm \" ><\/div>\t<\/div>\n<\/div>\n\n<\/div>\n\n\t<\/div>\n<\/section>\n<section  class=\"equal-height section-text-white auto\" style=\"background-color: #ffffff; \">\n\t\t\t\t<div class=\"container\">\n\t\t\n<div class=\"row\">\n\t\n<div class=\"col-md-6 col-sm-6  sh-43501b63e9522dfcaabca5a753b43c75\">\n\t<div class=\"fly-col-inner none\" style=\"background-color: #ffffff;\">\n\t\t<div class=\"space-sm \" ><\/div><div class=\"fw-iconbox  sh-02aba7dcf567aac95d2afde11c3ab1ba\">\n\t<div class=\"info-pricing\">\n\t\t\t\t\t<div class=\"icon\">\n\t\t\t\t<i class=\"icons-info pe-7s-ribbon\" style=\"color: #ff7105;\"><\/i>\n\t\t\t<\/div>\n\t\t\t\t<div class=\"text\">\n\t\t\t\t\t\t\t<h3 class=\"title-info\">Calidad en Nuestros Servicios<\/h3>\n\t\t\t\t\t\t\t\t\t\t<div class=\"text-description text-gray\">\n\t\t\t\t\t<p>En <strong>CROMO<\/strong>, contamos con personal capacitado, profesional y con amplia experiencia para ofrecerte los mejores servicios.<\/p>\t\t\t\t<\/div>\n\t\t\t\t\t<\/div>\n\t<\/div>\n<\/div><div class=\"fw-iconbox  sh-1dae6a05cf8609e232dff25f97e3f7be\">\n\t<div class=\"info-pricing\">\n\t\t\t\t\t<div class=\"icon\">\n\t\t\t\t<i class=\"icons-info pe-7s-star\" style=\"color: #ff7105;\"><\/i>\n\t\t\t<\/div>\n\t\t\t\t<div class=\"text\">\n\t\t\t\t\t\t\t<h3 class=\"title-info\">Experiencia Comprobada<\/h3>\n\t\t\t\t\t\t\t\t\t\t<div class=\"text-description text-gray\">\n\t\t\t\t\t<p>Contamos con m\u00e1s de 30 a\u00f1os de experiencia en la industria de la construcci\u00f3n y terracer\u00edas.<\/p>\t\t\t\t<\/div>\n\t\t\t\t\t<\/div>\n\t<\/div>\n<\/div><div class=\"fw-iconbox  sh-749f8b1bf4c95710fe19c20dc507ab99\">\n\t<div class=\"info-pricing\">\n\t\t\t\t\t<div class=\"icon\">\n\t\t\t\t<i class=\"icons-info pe-7s-headphones\" style=\"color: #ff7105;\"><\/i>\n\t\t\t<\/div>\n\t\t\t\t<div class=\"text\">\n\t\t\t\t\t\t\t<h3 class=\"title-info\">Servicio al Cliente<\/h3>\n\t\t\t\t\t\t\t\t\t\t<div class=\"text-description text-gray\">\n\t\t\t\t\t<p>Atendemos con oportunidad los requerimientos del cliente, antes y despu\u00e9s de la ejecuci\u00f3n de los proyectos.<\/p>\t\t\t\t<\/div>\n\t\t\t\t\t<\/div>\n\t<\/div>\n<\/div>\t<\/div>\n<\/div>\n\n\n<div class=\"col-md-6 col-sm-6  sh-9c86b8e452244fa742562e8278b4615c\">\n\t<div class=\"fly-col-inner none\" style=\"background-color: #ffffff;\">\n\t\t<div class=\"space-sm \" ><\/div><div class=\"fw-iconbox  sh-82e3abf25d839c42ddcb9f43e44e9293\">\n\t<div class=\"info-pricing\">\n\t\t\t\t\t<div class=\"icon\">\n\t\t\t\t<i class=\"icons-info pe-7s-users\" style=\"color: #ff7105;\"><\/i>\n\t\t\t<\/div>\n\t\t\t\t<div class=\"text\">\n\t\t\t\t\t\t\t<h3 class=\"title-info\">Somos Profesionales<\/h3>\n\t\t\t\t\t\t\t\t\t\t<div class=\"text-description text-gray\">\n\t\t\t\t\t<p>Colaboramos en la ejecuci\u00f3n de proyectos industriales y comerciales, con \u00f3ptimos est\u00e1ndares de calidad, costo y tiempo.<\/p>\t\t\t\t<\/div>\n\t\t\t\t\t<\/div>\n\t<\/div>\n<\/div><div class=\"fw-iconbox  sh-7f4bf93f1fc651bb21a87bc472880d4f\">\n\t<div class=\"info-pricing\">\n\t\t\t\t\t<div class=\"icon\">\n\t\t\t\t<i class=\"icons-info pe-7s-medal\" style=\"color: #ff7105;\"><\/i>\n\t\t\t<\/div>\n\t\t\t\t<div class=\"text\">\n\t\t\t\t\t\t\t<h3 class=\"title-info\">Empresa Lider<\/h3>\n\t\t\t\t\t\t\t\t\t\t<div class=\"text-description text-gray\">\n\t\t\t\t\t<p><strong>CROMO <\/strong>es una empresa l\u00edder en el noreste de M\u00e9xico en ejecuci\u00f3n de proyectos de ingenier\u00eda, dise\u00f1o y construcci\u00f3n.<\/p>\t\t\t\t<\/div>\n\t\t\t\t\t<\/div>\n\t<\/div>\n<\/div><div class=\"fw-iconbox  sh-6ab2cf12dc0ea11b7a6ed9149b43cb6f\">\n\t<div class=\"info-pricing\">\n\t\t\t\t\t<div class=\"icon\">\n\t\t\t\t<i class=\"icons-info pe-7s-light\" style=\"color: #ff7105;\"><\/i>\n\t\t\t<\/div>\n\t\t\t\t<div class=\"text\">\n\t\t\t\t\t\t\t<h3 class=\"title-info\">Innovadores <\/h3>\n\t\t\t\t\t\t\t\t\t\t<div class=\"text-description text-gray\">\n\t\t\t\t\t<p>Nos mantenemos a la vanguardia de los nuevos sistemas y avances tecnol\u00f3gicos para ofrecer servicios de primer nivel.<\/p>\t\t\t\t<\/div>\n\t\t\t\t\t<\/div>\n\t<\/div>\n<\/div>\t<\/div>\n<\/div>\n\n<\/div>\n\n\t<\/div>\n<\/section>\n<section  class=\" auto\" style=\" \">\n\t\t\t\t<div class=\"container\">\n\t\t\n<div class=\"row\">\n\t\n<div class=\"col-md-12   sh-a5dd96d2087f2f9cd0c22c72cd2179b8\">\n\t<div class=\"fly-col-inner none\" >\n\t\t<div class=\"space-md \" ><\/div>\t<\/div>\n<\/div>\n\n<\/div>\n\n\t<\/div>\n<\/section>\n<\/p>\n","protected":false},"excerpt":{"rendered":"<p>M\u00e1s de 20 a\u00f1os de experiencia \u273b Contamos con personal capacitado y profesional que otorgan a nuestros clientes un valor agregado Empresa L\u00edder \u273b Cumplimos con los objetivos y est\u00e1ndares [&hellip;]<\/p>\n","protected":false},"author":1,"featured_media":0,"parent":0,"menu_order":0,"comment_status":"closed","ping_status":"closed","template":"page-builder.php","meta":{"footnotes":""},"_links":{"self":[{"href":"https:\/\/www.cromo.mx\/sitio\/index.php?rest_route=\/wp\/v2\/pages\/1136"}],"collection":[{"href":"https:\/\/www.cromo.mx\/sitio\/index.php?rest_route=\/wp\/v2\/pages"}],"about":[{"href":"https:\/\/www.cromo.mx\/sitio\/index.php?rest_route=\/wp\/v2\/types\/page"}],"author":[{"embeddable":true,"href":"https:\/\/www.cromo.mx\/sitio\/index.php?rest_route=\/wp\/v2\/users\/1"}],"replies":[{"embeddable":true,"href":"https:\/\/www.cromo.mx\/sitio\/index.php?rest_route=%2Fwp%2Fv2%2Fcomments&post=1136"}],"version-history":[{"count":22,"href":"https:\/\/www.cromo.mx\/sitio\/index.php?rest_route=\/wp\/v2\/pages\/1136\/revisions"}],"predecessor-version":[{"id":1268,"href":"https:\/\/www.cromo.mx\/sitio\/index.php?rest_route=\/wp\/v2\/pages\/1136\/revisions\/1268"}],"wp:attachment":[{"href":"https:\/\/www.cromo.mx\/sitio\/index.php?rest_route=%2Fwp%2Fv2%2Fmedia&parent=1136"}],"curies":[{"name":"wp","href":"https:\/\/api.w.org\/{rel}","templated":true}]}}