{"id":188,"date":"2017-01-17T20:36:46","date_gmt":"2017-01-17T20:36:46","guid":{"rendered":"http:\/\/www.cromo.mx\/sitio\/?page_id=188"},"modified":"2019-07-10T23:13:10","modified_gmt":"2019-07-10T23:13:10","slug":"about-us","status":"publish","type":"page","link":"https:\/\/www.cromo.mx\/sitio\/?page_id=188","title":{"rendered":"La Empresa"},"content":{"rendered":"<section class=\" section-header-styled section-text-white section-bg-image section-height-lg parallax filter\" style=\"background-image: url('\/\/www.cromo.mx\/sitio\/wp-content\/uploads\/2019\/07\/01-empresa.jpg');\">\n<div class=\"container-fluid\">\n<div class=\"row\">\n<div class=\"col-md-12   sh-bc595b5f68858cb7d53a2a6de70fe471\">\n<div class=\"fly-col-inner none\">\n<div class=\" custom-space \" style=\"height: 270px;\"><\/div>\n<\/div>\n<\/div>\n<\/div>\n<div class=\"row\">\n<div class=\"col-md-12   sh-bc595b5f68858cb7d53a2a6de70fe471\">\n<div class=\"fly-col-inner none\">\n<div class=\"fw-heading  sh-5a9014bfbe78a7d3e33fa1524f281d14 fw-heading-h1 fw-heading-center\">\n<h1 class=\"fw-special-title\">Construcciones y Terracer\u00edas<\/h1>\n<h1 class=\"fw-special-title\">Cromo<\/h1>\n<div class=\"separator separator-danger\">\u2666<\/div>\n<div class=\"description\">Construimos Calidad<\/div>\n<\/div>\n<\/div>\n<\/div>\n<\/div>\n<div class=\"row\">\n<div class=\"col-md-12   sh-bc595b5f68858cb7d53a2a6de70fe471\">\n<div class=\"fly-col-inner none\">\n<div class=\"space-md \"><\/div>\n<\/div>\n<\/div>\n<\/div>\n<\/div>\n<\/section>\n<section class=\" auto\">\n<div class=\"container\">\n<div class=\"row\">\n<div class=\"col-md-12   sh-bc595b5f68858cb7d53a2a6de70fe471\">\n<div class=\"fly-col-inner none\">\n<div class=\"space-lg \"><\/div>\n<\/div>\n<\/div>\n<\/div>\n<div class=\"row\">\n<div class=\"col-md-12   sh-bc595b5f68858cb7d53a2a6de70fe471\">\n<div class=\"fly-col-inner none\">\n<div class=\"fw-heading  sh-b2707814f6e723ddb0ebb444fde15a45 fw-heading-h2 fw-heading-center\">\n<h2 class=\"fw-special-title\">\u00bfQui\u00e9nes Somos?<\/h2>\n<div class=\"separator separator-danger\">\u2666<\/div>\n<div class=\"description\" style=\"text-align: center;\">\n<p style=\"text-align: left;\"><strong>Construcciones y Terracerias Cromo, S.A. de C.V.<\/strong> Es una empresa 100% mexicana, creada el 07 de mayo del 2014, como una empresa prestadora de servicios para la industria de la construcci\u00f3n, como es; renta de maquinaria mayor y menor, construcci\u00f3n de cualquier tipo de obra, principalmente en el ramo de movimiento de tierras y obra civil, como son; estructuras met\u00e1licas, plataformas industriales, urbanizaci\u00f3n, caminos, obras hidr\u00e1ulicas, drenaje, construcci\u00f3n de canales para riego, lineas de agua potable , lineas de drenaje y edificaci\u00f3n. En el a\u00f1o 2010 se inicio a exportar a los estados unidos una gran variedad de materiales p\u00e9treos para industria de la construcci\u00f3n.<\/p>\n<p style=\"text-align: left;\">El principal accionista y director general de nuestra empresa, cuenta con m\u00e1s de 40 a\u00f1os de experiencia, en obras hidr\u00e1ulicas, estructuras de todo tipo y construcci\u00f3n en general.<\/p>\n<p style=\"text-align: left;\">Actualmente contamos con un inventario de mas de 60 m\u00e1quinas para construcci\u00f3n, desde bombas de agua de 2&#8243; de di\u00e1metro hasta tractores de diferentes capacidades y modelos, pasando por equipo de trasporte (trailers con g\u00f3ndola y cama baja), gr\u00faas, revolvedoras, cargadores frontales de neum\u00e1ticos y or\u00fagas, retroexcavadoras, excavadoras, motoconformadoras, compactadores para la explotaci\u00f3n de materiales contamos con cribas, trituradoras, lavadoras de diferentes capacidades as\u00ed como plantas de soldar de todo tipo, manuales, semiautom\u00e1ticas y autom\u00e1ticas, el\u00e9ctricas y a gasolina y diesel, tornos, fresadoras, etc.<\/p>\n<p style=\"text-align: left;\">As\u00ed mismo, tambi\u00e9n contamos con personal capacitado para ayudarles en cualquier necesidad que tenga la industria de la construcci\u00f3n.<\/p>\n<\/div>\n<\/div>\n<\/div>\n<\/div>\n<\/div>\n<div class=\"row\">\n<div class=\"col-md-12   sh-bc595b5f68858cb7d53a2a6de70fe471\">\n<div class=\"fly-col-inner none\">\n<div class=\"space-lg \"><\/div>\n<\/div>\n<\/div>\n<\/div>\n<\/div>\n<\/section>\n<section class=\" auto\">\n<div class=\"container\">\n<div class=\"row\">\n<div class=\"col-md-6   sh-c55d071685e74d379ba0ce6e2f7cc6c0\">\n<div class=\"fly-col-inner none\"><!-- Widget Accordion --><\/p>\n<div class=\"fly-accordion widget-accordion  sh-146ab00026c4d7b9b6fb70e1f6ead357\">\n<h2 class=\"widget-title\">Empresa<\/h2>\n<div id=\"accordion146ab00026c4d7b9b6fb70e1f6ead357\" class=\"panel-group\">\n<div class=\"panel\">\n<div class=\"panel-heading\">\n<h3 class=\"panel-title\"><a class=\"panel-toggle \" href=\"#accordion1\" data-toggle=\"collapse\" data-parent=\"#accordion146ab00026c4d7b9b6fb70e1f6ead357\"><br \/>\nMisi\u00f3n<\/a><\/h3>\n<\/div>\n<div id=\"accordion1\" class=\"panel-collapse collapse in\">\n<div class=\"panel-body\">\n<p>Trabajar siempre con \u00e9tica empresarial para ganar y mantener la confianza de la gente con la que convivimos, porque la confianza es un acto de responsabilidad que demanda compromiso, esfuerzo y disciplina.<\/p>\n<\/div>\n<\/div>\n<\/div>\n<div class=\"panel\">\n<div class=\"panel-heading\">\n<h3 class=\"panel-title\"><a class=\"panel-toggle collapsed\" href=\"#accordion2\" data-toggle=\"collapse\" data-parent=\"#accordion146ab00026c4d7b9b6fb70e1f6ead357\"><br \/>\nVisi\u00f3n<\/a><\/h3>\n<\/div>\n<div id=\"accordion2\" class=\"panel-collapse collapse \">\n<div class=\"panel-body\">\n<p>Ser la empresa global de soluciones para la industria de la construcci\u00f3n, que ofrezca productos de alta calidad y servicios confiables a nuestros clientes bajo los siguientes par\u00e1metros:<\/p>\n<ul>\n<li>\u00c9tica empresarial<\/li>\n<li>Calidad de vida en la empresa<\/li>\n<li>Vinculaci\u00f3n con la comunidad y su desarrollo<\/li>\n<li>Cuidado y preservaci\u00f3n del medio ambiente<\/li>\n<\/ul>\n<\/div>\n<\/div>\n<\/div>\n<div class=\"panel\">\n<div class=\"panel-heading\">\n<h3 class=\"panel-title\"><a class=\"panel-toggle collapsed\" href=\"#accordion3\" data-toggle=\"collapse\" data-parent=\"#accordion146ab00026c4d7b9b6fb70e1f6ead357\"><br \/>\nPol\u00edtica de Calidad<\/a><\/h3>\n<\/div>\n<div id=\"accordion3\" class=\"panel-collapse collapse \">\n<div class=\"panel-body\">\n<p>Nuestro equipo humano trabaja con el claro objetivo de dar satisfacci\u00f3n completa al cliente a trav\u00e9s de un excelente servicios, basado en la continua superaci\u00f3n tanto del personal como de la empresa misma, utilizando la m\u00e1s avanzada tecnolog\u00eda.<\/p>\n<\/div>\n<\/div>\n<\/div>\n<div class=\"panel\">\n<div class=\"panel-heading\"><\/div>\n<div id=\"accordion4\" class=\"panel-collapse collapse \">\n<div class=\"panel-body\"><\/div>\n<\/div>\n<\/div>\n<\/div>\n<\/div>\n<p><!--\/ Widget Accordion --><\/p>\n<\/div>\n<\/div>\n<div class=\"col-md-6   sh-96d7fa0a418bc5987cb173d35af3a25c\">\n<div class=\"fly-col-inner none\">\n<div class=\"fly-skills widget-skills  sh-3a6cded59895aa48dfbd16a73f601557\">\n<h2 class=\"widget-title\">En Cromo brindamos<\/h2>\n<div class=\"skill\" data-percentage=\"100\">\n<div class=\"skill-info\"><span class=\"skill-title\">Honestidad<\/span><br \/>\n<span class=\"skill-percentage\">100%<\/span><\/div>\n<div class=\"progress\">\n<div class=\"progress-bar\" style=\"width: 100%;\"><\/div>\n<\/div>\n<\/div>\n<div class=\"skill\" data-percentage=\"100\">\n<div class=\"skill-info\"><span class=\"skill-title\">Servicio<\/span><br \/>\n<span class=\"skill-percentage\">100%<\/span><\/div>\n<div class=\"progress\">\n<div class=\"progress-bar\" style=\"width: 100%;\"><\/div>\n<\/div>\n<\/div>\n<div class=\"skill\" data-percentage=\"100\">\n<div class=\"skill-info\"><span class=\"skill-title\">Excelencia<\/span><br \/>\n<span class=\"skill-percentage\">100%<\/span><\/div>\n<div class=\"progress\">\n<div class=\"progress-bar\" style=\"width: 100%;\"><\/div>\n<\/div>\n<\/div>\n<\/div>\n<\/div>\n<\/div>\n<div class=\"col-md-6   sh-96d7fa0a418bc5987cb173d35af3a25c\">\n<div class=\"fly-col-inner none\">\n<div class=\"fly-skills widget-skills  sh-3a6cded59895aa48dfbd16a73f601557\">\n<div class=\"skill\" data-percentage=\"100\">\n<div class=\"skill-info\"><span class=\"skill-title\">Compromiso<\/span><br \/>\n<span class=\"skill-percentage\">100%<\/span><\/div>\n<div class=\"progress\">\n<div class=\"progress-bar\" style=\"width: 100%;\"><\/div>\n<\/div>\n<\/div>\n<div class=\"skill\" data-percentage=\"100\">\n<div class=\"skill-info\"><span class=\"skill-title\">Innovaci\u00f3n<\/span><br \/>\n<span class=\"skill-percentage\">100%<\/span><\/div>\n<div class=\"progress\">\n<div class=\"progress-bar\" style=\"width: 100%;\"><\/div>\n<\/div>\n<\/div>\n<\/div>\n<\/div>\n<\/div>\n<\/div>\n<div class=\"row\">\n<div class=\"col-md-12   sh-bc595b5f68858cb7d53a2a6de70fe471\">\n<div class=\"fly-col-inner none\">\n<div class=\"space-lg \"><\/div>\n<\/div>\n<\/div>\n<\/div>\n<\/div>\n<\/section>\n<section id=\"services\" class=\" auto\">\n<div class=\"container\">\n<div class=\"row\">\n<div class=\"col-md-12   sh-bc595b5f68858cb7d53a2a6de70fe471\">\n<div class=\"fly-col-inner none\">\n<div class=\"fw-heading  sh-e7e233028024e70db2f40da77eb1c1f1 fw-heading-h2 fw-heading-center\">\n<h2 class=\"fw-special-title\">Nuestros Servicios<\/h2>\n<div class=\"separator separator-danger\">\u2666<\/div>\n<div class=\"description\">Gracias a la experiencia de nuestro personal capacitado y nuestra indumentaria con la m\u00e1s alta tecnolog\u00eda ofrecemos a nuestros clientes servicios de calidad.<\/div>\n<\/div>\n<\/div>\n<\/div>\n<\/div>\n<div class=\"row\">\n<div class=\"col-md-12   sh-bc595b5f68858cb7d53a2a6de70fe471\">\n<div class=\"fly-col-inner none\">\n<div class=\"space-sm \"><\/div>\n<\/div>\n<\/div>\n<\/div>\n<div class=\"row\">\n<div class=\"col-md-4   sh-47052024c1c6f3e6712b456c62f627af\">\n<div class=\"fly-col-inner none\"><!-- Service --><\/p>\n<div class=\"fw-service info-icon  sh-af4a9deb07a27e9bf75f716d57039c1c\">\n<div class=\"inner\">\n<div class=\"icon\"><\/div>\n<h3 class=\"fw-service-title\">Construcci\u00f3n<\/h3>\n<div class=\"description\">\n<p>Nuestra empresa cuenta con suficiente experiencia en el desarrollo, direcci\u00f3n y supervisi\u00f3n de obras de tipo Industrial, Habitacional y Comercial.<\/p>\n<\/div>\n<\/div>\n<\/div>\n<p><!-- Service --><\/p>\n<\/div>\n<\/div>\n<div class=\"col-md-4   sh-6a369be320509a2b83cf2b24cde4fb20\">\n<div class=\"fly-col-inner none\"><!-- Service --><\/p>\n<div class=\"fw-service info-icon  sh-7741ea1a2350e01e78a6575a0872ca74\">\n<div class=\"inner\">\n<div class=\"icon\"><\/div>\n<h3 class=\"fw-service-title\">Maquinaria<\/h3>\n<div class=\"description\">\n<p>En CROMO, manejamos diferentes marcas y tipos de maquinaria para el mercado de la construcci\u00f3n e industria en general.<\/p>\n<\/div>\n<\/div>\n<\/div>\n<p><!-- Service --><\/p>\n<\/div>\n<\/div>\n<div class=\"col-md-4   sh-bdd7d19f77b59fcd9bc2d9023313c167\">\n<div class=\"fly-col-inner none\"><!-- Service --><\/p>\n<div class=\"fw-service info-icon  sh-95b4ef8a93e6650676fc64648502f0d7\">\n<div class=\"inner\">\n<div class=\"icon\"><\/div>\n<h3 class=\"fw-service-title\">Materiales<\/h3>\n<div class=\"description\">\n<p>Contamos con bancos propios de materiales como caliche y revestimiento.<\/p>\n<\/div>\n<\/div>\n<\/div>\n<p><!-- Service --><\/p>\n<\/div>\n<\/div>\n<\/div>\n<\/div>\n<div class=\"row\">\n<div class=\"col-md-12   sh-bc595b5f68858cb7d53a2a6de70fe471\">\n<div class=\"fly-col-inner none\">\n<div class=\"space-lg \"><\/div>\n<\/div>\n<\/div>\n<\/div>\n<\/section>\n<p><!-- df64ada62872176d6a20ec813b9cc6a1 --><\/p>\n","protected":false},"excerpt":{"rendered":"<p>Construcciones y Terracer\u00edas Cromo \u2666 Construimos Calidad \u00bfQui\u00e9nes Somos? \u2666 Construcciones y Terracerias Cromo, S.A. de C.V. Es una empresa 100% mexicana, creada el 07 de mayo del 2014, como [&hellip;]<\/p>\n","protected":false},"author":1,"featured_media":0,"parent":0,"menu_order":0,"comment_status":"closed","ping_status":"closed","template":"page-builder.php","meta":{"footnotes":""},"_links":{"self":[{"href":"https:\/\/www.cromo.mx\/sitio\/index.php?rest_route=\/wp\/v2\/pages\/188"}],"collection":[{"href":"https:\/\/www.cromo.mx\/sitio\/index.php?rest_route=\/wp\/v2\/pages"}],"about":[{"href":"https:\/\/www.cromo.mx\/sitio\/index.php?rest_route=\/wp\/v2\/types\/page"}],"author":[{"embeddable":true,"href":"https:\/\/www.cromo.mx\/sitio\/index.php?rest_route=\/wp\/v2\/users\/1"}],"replies":[{"embeddable":true,"href":"https:\/\/www.cromo.mx\/sitio\/index.php?rest_route=%2Fwp%2Fv2%2Fcomments&post=188"}],"version-history":[{"count":29,"href":"https:\/\/www.cromo.mx\/sitio\/index.php?rest_route=\/wp\/v2\/pages\/188\/revisions"}],"predecessor-version":[{"id":1399,"href":"https:\/\/www.cromo.mx\/sitio\/index.php?rest_route=\/wp\/v2\/pages\/188\/revisions\/1399"}],"wp:attachment":[{"href":"https:\/\/www.cromo.mx\/sitio\/index.php?rest_route=%2Fwp%2Fv2%2Fmedia&parent=188"}],"curies":[{"name":"wp","href":"https:\/\/api.w.org\/{rel}","templated":true}]}}